
 





{"id":11663,"date":"2026-01-06T13:43:03","date_gmt":"2026-01-06T13:43:03","guid":{"rendered":"https:\/\/lububuvip.com\/?post_type=product&#038;p=11663"},"modified":"2026-01-06T13:43:26","modified_gmt":"2026-01-06T13:43:26","slug":"laser","status":"publish","type":"product","link":"https:\/\/lubu.labubuhk.com\/fr\/produit\/laser\/","title":{"rendered":"Laser"},"content":{"rendered":"<div class=\"desp-table\">\n<div class=\"table-header-group\">\n<ul class=\"table-row\">\n<li class=\"table-cell\">Capacit\u00e9<\/li>\n<li class=\"table-cell\">Diam\u00e8tre<\/li>\n<li class=\"table-cell\">Profondeur<\/li>\n<\/ul><\/div>\n<div class=\"table-row-group\">\n<ul class=\"table-row\">\n<li class=\"table-cell\">150 ml<\/li>\n<li class=\"table-cell\">8.5 CM<\/li>\n<li class=\"table-cell\">5 CM<\/li>\n<\/ul><\/div>\n<div class=\"table-header-group\">\n<ul class=\"table-row\">\n<li class=\"table-cell\">R\u00e9sistant \u00e0 la chaleur<\/li>\n<li class=\"table-cell\">S\u00e9curit\u00e9 alimentaire<\/li>\n<li class=\"table-cell\">Lave-vaisselle<\/li>\n<\/ul><\/div>\n<div class=\"table-row-group\">\n<ul class=\"table-row\">\n<li class=\"table-cell\">150\u00b0C<\/li>\n<li class=\"table-cell\"><font size=\"+1\">\u2714<\/font><\/li>\n<li class=\"table-cell\"><font size=\"+1\">\u2714<\/font><\/li>\n<\/ul><\/div>\n<div class=\"table-header-group\">\n<ul class=\"table-row\">\n<li class=\"table-cell\">Micro-ondes<\/li>\n<li class=\"table-cell\">Chaleur directe sur la cuisini\u00e8re<\/li>\n<li class=\"table-cell\"> <\/li>\n<\/ul><\/div>\n<div class=\"table-row-group\">\n<ul class=\"table-row\">\n<li class=\"table-cell\">\u2716<\/li>\n<li class=\"table-cell\">\u2716<\/li>\n<li class=\"table-cell\"> <\/li>\n<\/ul><\/div>\n<\/p><\/div>","protected":false},"excerpt":{"rendered":"<p>Capacit\u00e9 Diam\u00e8tre Profondeur 150 ml 8.5 CM 5 CM R\u00e9sistance \u00e0 la chaleur S\u00e9curit\u00e9 alimentaire Lave-vaisselle 150\u00b0C \u2714 \u2714 Micro-ondes Chauffage direct sur la cuisini\u00e8re \u2716 \u2716<\/p>","protected":false},"featured_media":11707,"comment_status":"open","ping_status":"closed","template":"","meta":{"_kad_blocks_custom_css":"","_kad_blocks_head_custom_js":"","_kad_blocks_body_custom_js":"","_kad_blocks_footer_custom_js":"","_kad_post_transparent":"","_kad_post_title":"","_kad_post_layout":"","_kad_post_sidebar_id":"","_kad_post_content_style":"","_kad_post_vertical_padding":"","_kad_post_feature":"","_kad_post_feature_position":"","_kad_post_header":false,"_kad_post_footer":false},"product_brand":[],"product_cat":[214],"product_tag":[],"class_list":{"0":"post-11663","1":"product","2":"type-product","3":"status-publish","4":"has-post-thumbnail","6":"product_cat-tea-cup","8":"first","9":"instock","10":"sale","11":"shipping-taxable","12":"purchasable","13":"product-type-simple","14":"entry","15":"content-bg","16":"loop-entry"},"taxonomy_info":{"product_cat":[{"value":214,"label":"Tea Cup"}]},"featured_image_src_large":["https:\/\/lubu.labubuhk.com\/wp-content\/uploads\/2026\/01\/Laser-Jian-Zhan-Tenmoku-Tea-Cup-2_f0e2d2fe-896c-40b3-be3e-96541303ac91.jpg",800,800,false],"author_info":[],"comment_info":0,"_links":{"self":[{"href":"https:\/\/lubu.labubuhk.com\/fr\/wp-json\/wp\/v2\/product\/11663","targetHints":{"allow":["GET"]}}],"collection":[{"href":"https:\/\/lubu.labubuhk.com\/fr\/wp-json\/wp\/v2\/product"}],"about":[{"href":"https:\/\/lubu.labubuhk.com\/fr\/wp-json\/wp\/v2\/types\/product"}],"replies":[{"embeddable":true,"href":"https:\/\/lubu.labubuhk.com\/fr\/wp-json\/wp\/v2\/comments?post=11663"}],"wp:featuredmedia":[{"embeddable":true,"href":"https:\/\/lubu.labubuhk.com\/fr\/wp-json\/wp\/v2\/media\/11707"}],"wp:attachment":[{"href":"https:\/\/lubu.labubuhk.com\/fr\/wp-json\/wp\/v2\/media?parent=11663"}],"wp:term":[{"taxonomy":"product_brand","embeddable":true,"href":"https:\/\/lubu.labubuhk.com\/fr\/wp-json\/wp\/v2\/product_brand?post=11663"},{"taxonomy":"product_cat","embeddable":true,"href":"https:\/\/lubu.labubuhk.com\/fr\/wp-json\/wp\/v2\/product_cat?post=11663"},{"taxonomy":"product_tag","embeddable":true,"href":"https:\/\/lubu.labubuhk.com\/fr\/wp-json\/wp\/v2\/product_tag?post=11663"}],"curies":[{"name":"wp","href":"https:\/\/api.w.org\/{rel}","templated":true}]}}